{"id":8504,"date":"2023-12-07T17:08:34","date_gmt":"2023-12-07T21:08:34","guid":{"rendered":"http:\/\/localhost\/cesb\/?page_id=8504"},"modified":"2024-07-10T12:17:57","modified_gmt":"2024-07-10T16:17:57","slug":"investigacion","status":"publish","type":"page","link":"https:\/\/cesimonbolivar.com.ve\/cesb\/investigacion\/","title":{"rendered":"Investigaci\u00f3n"},"content":{"rendered":"<p>El Centro de Estudios Sim\u00f3n Bol\u00edvar tiene como eje central de acci\u00f3n el desarrollo de programas de investigaci\u00f3n y formaci\u00f3n como una unidad indivisible dirigidos a la construcci\u00f3n de nuevas reflexiones y saberes en relaci\u00f3n con el pensamiento, obra, acci\u00f3n y legado del Libertador y su tiempo hist\u00f3rico, desde una mirada descolonizadora, insurgente y multidisciplinaria, en este sentido, orienta el \u00e1rea de investigaci\u00f3n y formaci\u00f3n sobre la base de las siguientes l\u00edneas de investigaci\u00f3n:<\/p>\n<ul>\n<li>Vida y Obra del Libertador Sim\u00f3n Bol\u00edvar.<\/li>\n<li>Patrimonio cultural bolivariano.<\/li>\n<li>Vigencia y aplicabilidad del pensamiento bolivariano.<\/li>\n<li>La \u00e9poca bolivariana: visiones globales y regionales.<\/li>\n<li>Memoria Nacional y conmemorativa bolivariana<\/li>\n<\/ul>\n","protected":false},"excerpt":{"rendered":"<p>El Centro de Estudios Sim\u00f3n Bol\u00edvar tiene como eje central de acci\u00f3n el desarrollo de programas de investigaci\u00f3n y formaci\u00f3n como una unidad indivisible dirigidos a la construcci\u00f3n de nuevas reflexiones y saberes en relaci\u00f3n con el pensamiento, obra, acci\u00f3n y legado del Libertador y su tiempo hist\u00f3rico, desde una mirada descolonizadora, insurgente y multidisciplinaria,&#8230;<\/p>\n","protected":false},"author":1,"featured_media":0,"parent":0,"menu_order":0,"comment_status":"closed","ping_status":"closed","template":"","meta":{"footnotes":""},"class_list":["post-8504","page","type-page","status-publish","hentry"],"_links":{"self":[{"href":"https:\/\/cesimonbolivar.com.ve\/cesb\/wp-json\/wp\/v2\/pages\/8504","targetHints":{"allow":["GET"]}}],"collection":[{"href":"https:\/\/cesimonbolivar.com.ve\/cesb\/wp-json\/wp\/v2\/pages"}],"about":[{"href":"https:\/\/cesimonbolivar.com.ve\/cesb\/wp-json\/wp\/v2\/types\/page"}],"author":[{"embeddable":true,"href":"https:\/\/cesimonbolivar.com.ve\/cesb\/wp-json\/wp\/v2\/users\/1"}],"replies":[{"embeddable":true,"href":"https:\/\/cesimonbolivar.com.ve\/cesb\/wp-json\/wp\/v2\/comments?post=8504"}],"version-history":[{"count":6,"href":"https:\/\/cesimonbolivar.com.ve\/cesb\/wp-json\/wp\/v2\/pages\/8504\/revisions"}],"predecessor-version":[{"id":9142,"href":"https:\/\/cesimonbolivar.com.ve\/cesb\/wp-json\/wp\/v2\/pages\/8504\/revisions\/9142"}],"wp:attachment":[{"href":"https:\/\/cesimonbolivar.com.ve\/cesb\/wp-json\/wp\/v2\/media?parent=8504"}],"curies":[{"name":"wp","href":"https:\/\/api.w.org\/{rel}","templated":true}]}}