{"id":8879,"date":"2023-12-10T19:34:49","date_gmt":"2023-12-10T23:34:49","guid":{"rendered":"http:\/\/localhost\/cesb\/?page_id=8879"},"modified":"2024-07-23T19:15:11","modified_gmt":"2024-07-23T23:15:11","slug":"quienes-somos","status":"publish","type":"page","link":"https:\/\/cesimonbolivar.com.ve\/cesb\/quienes-somos\/","title":{"rendered":"\u00bfQui\u00e9nes somos?"},"content":{"rendered":"\n<figure class=\"wp-block-image size-full is-resized\"><img fetchpriority=\"high\" decoding=\"async\" width=\"552\" height=\"198\" src=\"https:\/\/cesimonbolivar.com.ve\/cesb\/wp-content\/uploads\/2024\/07\/LogoCESB.png\" alt=\"Logo Centro de Estudios Sim\u00f3n Bol\u00edvar\" class=\"wp-image-9254\" style=\"width:566px;height:auto\" srcset=\"https:\/\/cesimonbolivar.com.ve\/cesb\/wp-content\/uploads\/2024\/07\/LogoCESB.png 552w, https:\/\/cesimonbolivar.com.ve\/cesb\/wp-content\/uploads\/2024\/07\/LogoCESB-300x108.png 300w\" sizes=\"(max-width: 552px) 100vw, 552px\" \/><\/figure>\n\n\n\n<p><\/p>\n\n\n\n<p class=\"has-text-align-left\">El <strong>Centro de Estudios Sim\u00f3n Bol\u00edvar<\/strong> es una fundaci\u00f3n del Estado venezolano destinada a investigar, preservar, ense\u00f1ar y difundir el legado hist\u00f3rico y patrimonial del ideario y la acci\u00f3n hist\u00f3rica de Sim\u00f3n Bol\u00edvar. Esta instituci\u00f3n se constituye como una instancia acad\u00e9mica, pol\u00edtica y cultural que aspira fortalecer el conocimiento y la proyecci\u00f3n del ejemplo hist\u00f3rico, insurgente y libertario del Padre de la Patria en la conciencia hist\u00f3rica del pueblo venezolano para los fines de su emancipaci\u00f3n.<\/p>\n\n\n\n<blockquote class=\"wp-block-quote is-layout-flow wp-block-quote-is-layout-flow\">\n<p><br>Consciente del papel medular que desempe\u00f1a la memoria hist\u00f3rica bolivariana en el corpus de la identidad de las venezolanas y los venezolanos, el Centro fundamenta su accionar en la descolonizaci\u00f3n de la historia, y en particular de Sim\u00f3n Bol\u00edvar, desde la perspectiva de la Historia Insurgente, proyecto pol\u00edtico historiogr\u00e1fico de la Revoluci\u00f3n Bolivariana, que enfatiza en el protagonismo de los sectores sociales hist\u00f3ricamente excluidos.<\/p>\n<\/blockquote>\n\n\n\n<p><br>El Centro es un ente de car\u00e1cter nacional e internacional. De esta suerte desarrolla sus actividades en la totalidad del territorio de la Rep\u00fablica, as\u00ed como tambi\u00e9n fuera de sus fronteras. Despliega su accionar y desempe\u00f1o de manera preferente en tres grandes campos y dimensiones, a saber: el acad\u00e9mico, el patrimonial y el socio-comunitario.<\/p>\n\n\n\n<p><br>Creado mediante el decreto presidencial N\u00b0 4.357 de fecha 27 de octubre de 2020, por el presidente de la Rep\u00fablica, Nicol\u00e1s Maduro Moros, la Fundaci\u00f3n Centro de Estudios Sim\u00f3n Bol\u00edvar tiene el objeto de desarrollar acciones y actividades orientadas a la preservaci\u00f3n, investigaci\u00f3n, ense\u00f1anza y difusi\u00f3n de la obra, pensamiento y acervo patrimonial del Libertador Sim\u00f3n Bol\u00edvar, a trav\u00e9s de relaciones e intercambios culturales, acad\u00e9micos, investigativos, educativos y comunicacionales, as\u00ed como la ejecuci\u00f3n de proyectos que en el \u00e1mbito de sus competencias contribuyan a la descolonizaci\u00f3n de la memoria hist\u00f3rica y generen una comprensi\u00f3n vigente de la vida y obra del Padre de Patria; que proporcione herramientas pr\u00e1cticas para la construcci\u00f3n colectiva de nuestra Naci\u00f3n libre, soberana e independiente.<\/p>\n\n\n","protected":false},"excerpt":{"rendered":"<p>El Centro de Estudios Sim\u00f3n Bol\u00edvar es una fundaci\u00f3n del Estado venezolano destinada a investigar, preservar, ense\u00f1ar y difundir el legado hist\u00f3rico y patrimonial del ideario y la acci\u00f3n hist\u00f3rica de Sim\u00f3n Bol\u00edvar. Esta instituci\u00f3n se constituye como una instancia acad\u00e9mica, pol\u00edtica y cultural que aspira fortalecer el conocimiento y la proyecci\u00f3n del ejemplo hist\u00f3rico,&#8230;<\/p>\n","protected":false},"author":1,"featured_media":0,"parent":0,"menu_order":0,"comment_status":"closed","ping_status":"closed","template":"","meta":{"footnotes":""},"class_list":["post-8879","page","type-page","status-publish","hentry"],"_links":{"self":[{"href":"https:\/\/cesimonbolivar.com.ve\/cesb\/wp-json\/wp\/v2\/pages\/8879","targetHints":{"allow":["GET"]}}],"collection":[{"href":"https:\/\/cesimonbolivar.com.ve\/cesb\/wp-json\/wp\/v2\/pages"}],"about":[{"href":"https:\/\/cesimonbolivar.com.ve\/cesb\/wp-json\/wp\/v2\/types\/page"}],"author":[{"embeddable":true,"href":"https:\/\/cesimonbolivar.com.ve\/cesb\/wp-json\/wp\/v2\/users\/1"}],"replies":[{"embeddable":true,"href":"https:\/\/cesimonbolivar.com.ve\/cesb\/wp-json\/wp\/v2\/comments?post=8879"}],"version-history":[{"count":7,"href":"https:\/\/cesimonbolivar.com.ve\/cesb\/wp-json\/wp\/v2\/pages\/8879\/revisions"}],"predecessor-version":[{"id":9258,"href":"https:\/\/cesimonbolivar.com.ve\/cesb\/wp-json\/wp\/v2\/pages\/8879\/revisions\/9258"}],"wp:attachment":[{"href":"https:\/\/cesimonbolivar.com.ve\/cesb\/wp-json\/wp\/v2\/media?parent=8879"}],"curies":[{"name":"wp","href":"https:\/\/api.w.org\/{rel}","templated":true}]}}