{"id":8881,"date":"2023-12-10T19:35:24","date_gmt":"2023-12-10T23:35:24","guid":{"rendered":"http:\/\/localhost\/cesb\/?page_id=8881"},"modified":"2023-12-10T20:39:26","modified_gmt":"2023-12-11T00:39:26","slug":"mision-y-vision","status":"publish","type":"page","link":"https:\/\/cesimonbolivar.com.ve\/cesb\/mision-y-vision\/","title":{"rendered":"Misi\u00f3n y Visi\u00f3n"},"content":{"rendered":"\n<h2 class=\"wp-block-heading\">Misi\u00f3n<\/h2>\n\n\n\n<p>Impulsar el desarrollo de pol\u00edticas, acciones y actividades destinadas a la investigaci\u00f3n, preservaci\u00f3n, ense\u00f1anza y difusi\u00f3n de la obra, pensamiento y del legado hist\u00f3rico y patrimonial del ideario y acci\u00f3n Libertadora de Sim\u00f3n Bol\u00edvar a nivel nacional e internacional.<\/p>\n\n\n\n<figure class=\"wp-block-image\"><img decoding=\"async\" src=\"http:\/\/localhost\/cesimonbolivar\/wp-content\/plugins\/elementor\/assets\/images\/placeholder.png\" alt=\"\" title=\"\"\/><\/figure>\n\n\n\n<h2 class=\"wp-block-heading\">Visi\u00f3n<\/h2>\n\n\n\n<figure class=\"wp-block-image\"><img decoding=\"async\" src=\"http:\/\/localhost\/cesimonbolivar\/wp-content\/plugins\/elementor\/assets\/images\/placeholder.png\" alt=\"\" title=\"\"\/><\/figure>\n\n\n\n<p>Impulsar el desarrollo de pol\u00edticas, acciones y actividades destinadas a la investigaci\u00f3n, preservaci\u00f3n, ense\u00f1anza y difusi\u00f3n de la obra, pensamiento y del legado hist\u00f3rico y patrimonial del ideario y acci\u00f3n Libertadora de Sim\u00f3n Bol\u00edvar a nivel nacional e internacional.<\/p>\n","protected":false},"excerpt":{"rendered":"<p>Misi\u00f3n Impulsar el desarrollo de pol\u00edticas, acciones y actividades destinadas a la investigaci\u00f3n, preservaci\u00f3n, ense\u00f1anza y difusi\u00f3n de la obra, pensamiento y del legado hist\u00f3rico y patrimonial del ideario y acci\u00f3n Libertadora de Sim\u00f3n Bol\u00edvar a nivel nacional e internacional. Visi\u00f3n Impulsar el desarrollo de pol\u00edticas, acciones y actividades destinadas a la investigaci\u00f3n, preservaci\u00f3n, ense\u00f1anza&#8230;<\/p>\n","protected":false},"author":1,"featured_media":0,"parent":0,"menu_order":0,"comment_status":"closed","ping_status":"closed","template":"","meta":{"footnotes":""},"class_list":["post-8881","page","type-page","status-publish","hentry"],"_links":{"self":[{"href":"https:\/\/cesimonbolivar.com.ve\/cesb\/wp-json\/wp\/v2\/pages\/8881","targetHints":{"allow":["GET"]}}],"collection":[{"href":"https:\/\/cesimonbolivar.com.ve\/cesb\/wp-json\/wp\/v2\/pages"}],"about":[{"href":"https:\/\/cesimonbolivar.com.ve\/cesb\/wp-json\/wp\/v2\/types\/page"}],"author":[{"embeddable":true,"href":"https:\/\/cesimonbolivar.com.ve\/cesb\/wp-json\/wp\/v2\/users\/1"}],"replies":[{"embeddable":true,"href":"https:\/\/cesimonbolivar.com.ve\/cesb\/wp-json\/wp\/v2\/comments?post=8881"}],"version-history":[{"count":2,"href":"https:\/\/cesimonbolivar.com.ve\/cesb\/wp-json\/wp\/v2\/pages\/8881\/revisions"}],"predecessor-version":[{"id":8886,"href":"https:\/\/cesimonbolivar.com.ve\/cesb\/wp-json\/wp\/v2\/pages\/8881\/revisions\/8886"}],"wp:attachment":[{"href":"https:\/\/cesimonbolivar.com.ve\/cesb\/wp-json\/wp\/v2\/media?parent=8881"}],"curies":[{"name":"wp","href":"https:\/\/api.w.org\/{rel}","templated":true}]}}