{"id":8883,"date":"2023-12-10T19:35:42","date_gmt":"2023-12-10T23:35:42","guid":{"rendered":"http:\/\/localhost\/cesb\/?page_id=8883"},"modified":"2023-12-10T20:40:09","modified_gmt":"2023-12-11T00:40:09","slug":"ambitos-de-accion","status":"publish","type":"page","link":"https:\/\/cesimonbolivar.com.ve\/cesb\/ambitos-de-accion\/","title":{"rendered":"\u00c1mbitos de acci\u00f3n"},"content":{"rendered":"\n<h2 class=\"wp-block-heading\">\u00c1mbitos de acci\u00f3n<\/h2>\n\n\n\n<p>El \u00e1mbito <strong>Acad\u00e9mico<\/strong> abarca el desarrollo de programas de investigaci\u00f3n y docencia de alto nivel, destinados a fomentar renovadas perspectivas de la interpretaci\u00f3n del pensamiento y desempe\u00f1o del Libertador y del proceso hist\u00f3rico que dirigi\u00f3. En este sentido se encarga de establecer v\u00ednculos de cooperaci\u00f3n con los investigadores e instituciones acad\u00e9micas y universidades de Venezuela y del mundo para fortalecer las tareas realizadas.<\/p>\n\n\n\n<p>El \u00e1mbito <strong>Patrimonial<\/strong> est\u00e1 vinculado a la ejecuci\u00f3n de acciones de evaluaci\u00f3n, seguimiento, sistematizaci\u00f3n, promoci\u00f3n y difusi\u00f3n del amplio e important\u00edsimo patrimonio bolivariano, conformado por el patrimonio directo, es decir, aqu\u00e9l acervo perteneciente al Libertador Sim\u00f3n Bol\u00edvar, y el patrimonio indirecto, que incluye todo el arsenal inmenso de bienes culturales generados por terceros, que tienen como centro la figura del Padre de la Patria, su obra y pensamiento, con la finalidad de promover su preservaci\u00f3n y puesta en valor.<\/p>\n\n\n\n<p>El \u00e1mbito <strong>Socio-comunitario<\/strong> contempla el accionar de la instituci\u00f3n en el tejido social de la Patria, propiciando la difusi\u00f3n y estudio del pensamiento bolivariano y fomentando la organizaci\u00f3n del pueblo venezolano alrededor de los valores y prop\u00f3sitos superiores que componen el ideario del Padre Bol\u00edvar. Para hacer bueno este prop\u00f3sito, articula y coordina con diversas instituciones p\u00fablicas y privadas. Tiene como centro de atenci\u00f3n el trabajo con los diversos niveles del sistema educativo del pa\u00eds, sus docentes, ni\u00f1as, ni\u00f1os, adolescentes y j\u00f3venes.<\/p>\n","protected":false},"excerpt":{"rendered":"<p>\u00c1mbitos de acci\u00f3n El \u00e1mbito Acad\u00e9mico abarca el desarrollo de programas de investigaci\u00f3n y docencia de alto nivel, destinados a fomentar renovadas perspectivas de la interpretaci\u00f3n del pensamiento y desempe\u00f1o del Libertador y del proceso hist\u00f3rico que dirigi\u00f3. En este sentido se encarga de establecer v\u00ednculos de cooperaci\u00f3n con los investigadores e instituciones acad\u00e9micas y&#8230;<\/p>\n","protected":false},"author":1,"featured_media":0,"parent":0,"menu_order":0,"comment_status":"closed","ping_status":"closed","template":"","meta":{"footnotes":""},"class_list":["post-8883","page","type-page","status-publish","hentry"],"_links":{"self":[{"href":"https:\/\/cesimonbolivar.com.ve\/cesb\/wp-json\/wp\/v2\/pages\/8883","targetHints":{"allow":["GET"]}}],"collection":[{"href":"https:\/\/cesimonbolivar.com.ve\/cesb\/wp-json\/wp\/v2\/pages"}],"about":[{"href":"https:\/\/cesimonbolivar.com.ve\/cesb\/wp-json\/wp\/v2\/types\/page"}],"author":[{"embeddable":true,"href":"https:\/\/cesimonbolivar.com.ve\/cesb\/wp-json\/wp\/v2\/users\/1"}],"replies":[{"embeddable":true,"href":"https:\/\/cesimonbolivar.com.ve\/cesb\/wp-json\/wp\/v2\/comments?post=8883"}],"version-history":[{"count":2,"href":"https:\/\/cesimonbolivar.com.ve\/cesb\/wp-json\/wp\/v2\/pages\/8883\/revisions"}],"predecessor-version":[{"id":8887,"href":"https:\/\/cesimonbolivar.com.ve\/cesb\/wp-json\/wp\/v2\/pages\/8883\/revisions\/8887"}],"wp:attachment":[{"href":"https:\/\/cesimonbolivar.com.ve\/cesb\/wp-json\/wp\/v2\/media?parent=8883"}],"curies":[{"name":"wp","href":"https:\/\/api.w.org\/{rel}","templated":true}]}}