{"id":9219,"date":"2024-07-23T16:37:26","date_gmt":"2024-07-23T20:37:26","guid":{"rendered":"https:\/\/cesimonbolivar.com.ve\/cesb\/?page_id=9219"},"modified":"2025-08-21T09:07:55","modified_gmt":"2025-08-21T13:07:55","slug":"diplomado-vida-y-obra-del-libertador-simon-bolivar","status":"publish","type":"page","link":"https:\/\/cesimonbolivar.com.ve\/cesb\/diplomado-vida-y-obra-del-libertador-simon-bolivar\/","title":{"rendered":"Diplomado Vida y Obra del Libertador Sim\u00f3n Bol\u00edvar"},"content":{"rendered":"\n<p>El Diplomado Vida y Obra del Libertador Sim\u00f3n Bol\u00edvar es un programa de autoformaci\u00f3n que nace de la necesidad de promover la formaci\u00f3n acad\u00e9mica en torno al legado hist\u00f3rico y patrimonial del Padre de la Patria.<\/p>\n\n\n<p>Este programa educativo del Centro de Estudios Sim\u00f3n Bol\u00edvar, cuenta con el respaldo acad\u00e9mico de la Universidad Bolivariana de Venezuela, y se imparte en las modalidades presencial y virtual, en las cuales pueden participar venezolanos y venezolanas, as\u00ed como habitantes de otros pa\u00edses del mundo, de todas las edades y sin credencial acad\u00e9mica.<\/p>\n\n\n<p>La primera cohorte del Diplomado se realiz\u00f3 en el a\u00f1o 2023 y congreg\u00f3 a m\u00e1s de 3.400 participantes nacionales e internacionales, que se convirtieron en militantes de la historia insurgente y multiplicadores del conocimiento sobre el Libertador en sus comunidades.<\/p>\nhttps:\/\/www.youtube.com\/watch?v=XZ28lXsXtR8https:\/\/www.youtube.com\/watch?v=ATr0uhNQcAAhttps:\/\/www.youtube.com\/watch?v=c3dtt-0wOH8https:\/\/www.youtube.com\/watch?v=ty9Ae_M7JaQ&#038;t=1067s","protected":false},"excerpt":{"rendered":"<p>El Diplomado Vida y Obra del Libertador Sim\u00f3n Bol\u00edvar es un programa de autoformaci\u00f3n que nace de la necesidad de promover la formaci\u00f3n acad\u00e9mica en torno al legado hist\u00f3rico y patrimonial del Padre de la Patria. Este programa educativo del Centro de Estudios Sim\u00f3n Bol\u00edvar, cuenta con el respaldo acad\u00e9mico de la Universidad Bolivariana de&#8230;<\/p>\n","protected":false},"author":1,"featured_media":0,"parent":0,"menu_order":0,"comment_status":"closed","ping_status":"closed","template":"","meta":{"footnotes":""},"class_list":["post-9219","page","type-page","status-publish","hentry"],"_links":{"self":[{"href":"https:\/\/cesimonbolivar.com.ve\/cesb\/wp-json\/wp\/v2\/pages\/9219","targetHints":{"allow":["GET"]}}],"collection":[{"href":"https:\/\/cesimonbolivar.com.ve\/cesb\/wp-json\/wp\/v2\/pages"}],"about":[{"href":"https:\/\/cesimonbolivar.com.ve\/cesb\/wp-json\/wp\/v2\/types\/page"}],"author":[{"embeddable":true,"href":"https:\/\/cesimonbolivar.com.ve\/cesb\/wp-json\/wp\/v2\/users\/1"}],"replies":[{"embeddable":true,"href":"https:\/\/cesimonbolivar.com.ve\/cesb\/wp-json\/wp\/v2\/comments?post=9219"}],"version-history":[{"count":5,"href":"https:\/\/cesimonbolivar.com.ve\/cesb\/wp-json\/wp\/v2\/pages\/9219\/revisions"}],"predecessor-version":[{"id":9599,"href":"https:\/\/cesimonbolivar.com.ve\/cesb\/wp-json\/wp\/v2\/pages\/9219\/revisions\/9599"}],"wp:attachment":[{"href":"https:\/\/cesimonbolivar.com.ve\/cesb\/wp-json\/wp\/v2\/media?parent=9219"}],"curies":[{"name":"wp","href":"https:\/\/api.w.org\/{rel}","templated":true}]}}