{"id":9606,"date":"2025-09-15T16:46:48","date_gmt":"2025-09-15T20:46:48","guid":{"rendered":"https:\/\/cesimonbolivar.com.ve\/cesb\/?page_id=9606"},"modified":"2025-09-22T16:24:18","modified_gmt":"2025-09-22T20:24:18","slug":"curso-el-es-la-revolucion","status":"publish","type":"page","link":"https:\/\/cesimonbolivar.com.ve\/cesb\/curso-el-es-la-revolucion\/","title":{"rendered":"Curso especial virtual &#8220;\u00c9l es la revoluci\u00f3n. Biograf\u00eda pol\u00edtica del Libertador Sim\u00f3n Bol\u00edvar&#8221;"},"content":{"rendered":"\n<p>El Centro de Estudios Sim\u00f3n Bol\u00edvar organiza el <em>curso especial virtual<\/em> <strong>&#8220;\u00c9l es la revoluci\u00f3n&#8221;<\/strong>, una oportunidad para sumergirte en la biograf\u00eda pol\u00edtica del Libertador Sim\u00f3n Bol\u00edvar, <strong>impartido por el reconocido profesor Sergio Guerra Vilaboy<\/strong>, de Cuba.<br><br><strong><mark style=\"background-color:#fcb900\" class=\"has-inline-color has-black-color\">REGISTRO CERRADO EL 21 DE SEPTIEMBRE DE 2025<\/mark><\/strong><br><br><strong>INFORMACI\u00d3N PARA PARTICIPANTES:<\/strong><br><br>La primera clase online ser\u00e1 este <strong><em>mi\u00e9rcoles 24 de septiembre<\/em><\/strong> a las <strong>16:00 h (hora de Venezuela)<\/strong>.<br><br><strong>Los participantes recibir\u00e1n un correo electr\u00f3nico con todas las indicaciones de la din\u00e1mica evaluativa.<\/strong> La evaluaci\u00f3n de los contenidos del curso se realizar\u00e1 a trav\u00e9s del <em>Classroom del Centro de Estudios Sim\u00f3n Bol\u00edvar<\/em>, as\u00ed que te animamos a estar atento a todas las novedades.<br><br>Inicia el pr\u00f3ximo<strong> <em>24 de septiembre de 2025<\/em><\/strong> y se desarrollar\u00e1 a lo largo de cuatro clases, una por semana. Ser\u00e1 transmitido a trav\u00e9s de nuestro canal YouTube, permitiendo que te conectes desde cualquier lugar.<br><br><br><strong>***Descarga o consulta el libro: <em>&#8220;\u00c9l es la revoluci\u00f3n. Biograf\u00eda pol\u00edtica del Libertador Sim\u00f3n Bol\u00edvar&#8221;<\/em> de Sergio Guerra Vilaboy, en: <a href=\"https:\/\/cesimonbolivar.com.ve\/cesb\/publicaciones\/#flipbook-df_9609\/1\/\"><mark style=\"background-color:#ff6900\" class=\"has-inline-color has-black-color\">https:\/\/cesimonbolivar.com.ve\/cesb\/publicaciones\/#flipbook-df_9609\/1\/<\/mark><\/a><\/strong><\/p>\n\n\n\n<p><\/p>\n","protected":false},"excerpt":{"rendered":"<p>El Centro de Estudios Sim\u00f3n Bol\u00edvar organiza el curso especial virtual &#8220;\u00c9l es la revoluci\u00f3n&#8221;, una oportunidad para sumergirte en la biograf\u00eda pol\u00edtica del Libertador Sim\u00f3n Bol\u00edvar, impartido por el reconocido profesor Sergio Guerra Vilaboy, de Cuba. REGISTRO CERRADO EL 21 DE SEPTIEMBRE DE 2025 INFORMACI\u00d3N PARA PARTICIPANTES: La primera clase online ser\u00e1 este mi\u00e9rcoles&#8230;<\/p>\n","protected":false},"author":5,"featured_media":0,"parent":0,"menu_order":0,"comment_status":"closed","ping_status":"closed","template":"","meta":{"footnotes":""},"class_list":["post-9606","page","type-page","status-publish","hentry"],"_links":{"self":[{"href":"https:\/\/cesimonbolivar.com.ve\/cesb\/wp-json\/wp\/v2\/pages\/9606","targetHints":{"allow":["GET"]}}],"collection":[{"href":"https:\/\/cesimonbolivar.com.ve\/cesb\/wp-json\/wp\/v2\/pages"}],"about":[{"href":"https:\/\/cesimonbolivar.com.ve\/cesb\/wp-json\/wp\/v2\/types\/page"}],"author":[{"embeddable":true,"href":"https:\/\/cesimonbolivar.com.ve\/cesb\/wp-json\/wp\/v2\/users\/5"}],"replies":[{"embeddable":true,"href":"https:\/\/cesimonbolivar.com.ve\/cesb\/wp-json\/wp\/v2\/comments?post=9606"}],"version-history":[{"count":3,"href":"https:\/\/cesimonbolivar.com.ve\/cesb\/wp-json\/wp\/v2\/pages\/9606\/revisions"}],"predecessor-version":[{"id":9621,"href":"https:\/\/cesimonbolivar.com.ve\/cesb\/wp-json\/wp\/v2\/pages\/9606\/revisions\/9621"}],"wp:attachment":[{"href":"https:\/\/cesimonbolivar.com.ve\/cesb\/wp-json\/wp\/v2\/media?parent=9606"}],"curies":[{"name":"wp","href":"https:\/\/api.w.org\/{rel}","templated":true}]}}