{"id":9633,"date":"2026-03-11T16:56:14","date_gmt":"2026-03-11T20:56:14","guid":{"rendered":"https:\/\/cesimonbolivar.com.ve\/cesb\/?page_id=9633"},"modified":"2026-03-11T17:18:36","modified_gmt":"2026-03-11T21:18:36","slug":"convocatoria-concurso-de-ensayos-congreso-de-panama","status":"publish","type":"page","link":"https:\/\/cesimonbolivar.com.ve\/cesb\/convocatoria-concurso-de-ensayos-congreso-de-panama\/","title":{"rendered":"Convocatoria | Concurso de Ensayos Hist\u00f3ricos: El proyecto bolivariano de Unidad y el Congreso de Panam\u00e1: Ra\u00edces de una Diplomacia de Paz y Confederaci\u00f3n en el Continente"},"content":{"rendered":"<div class=\"wp-block-image\">\n<figure class=\"aligncenter size-full is-resized\"><img fetchpriority=\"high\" decoding=\"async\" width=\"1080\" height=\"1350\" src=\"https:\/\/cesimonbolivar.com.ve\/cesb\/wp-content\/uploads\/2026\/03\/Sin-titulo-4-Portada-Concurso-de-Ensayo-Panama.png\" alt=\"\" class=\"wp-image-9634\" style=\"width:650px\" srcset=\"https:\/\/cesimonbolivar.com.ve\/cesb\/wp-content\/uploads\/2026\/03\/Sin-titulo-4-Portada-Concurso-de-Ensayo-Panama.png 1080w, https:\/\/cesimonbolivar.com.ve\/cesb\/wp-content\/uploads\/2026\/03\/Sin-titulo-4-Portada-Concurso-de-Ensayo-Panama-240x300.png 240w, https:\/\/cesimonbolivar.com.ve\/cesb\/wp-content\/uploads\/2026\/03\/Sin-titulo-4-Portada-Concurso-de-Ensayo-Panama-819x1024.png 819w, https:\/\/cesimonbolivar.com.ve\/cesb\/wp-content\/uploads\/2026\/03\/Sin-titulo-4-Portada-Concurso-de-Ensayo-Panama-768x960.png 768w, https:\/\/cesimonbolivar.com.ve\/cesb\/wp-content\/uploads\/2026\/03\/Sin-titulo-4-Portada-Concurso-de-Ensayo-Panama-600x750.png 600w\" sizes=\"(max-width: 1080px) 100vw, 1080px\" \/><\/figure>\n<\/div>\n\n<div class=\"wp-block-image\">\n<figure class=\"aligncenter size-full is-resized\"><img decoding=\"async\" width=\"1080\" height=\"1350\" src=\"https:\/\/cesimonbolivar.com.ve\/cesb\/wp-content\/uploads\/2026\/03\/Sin-titulo-5-Presentacion-Concurso-de-Ensayo-Panama.png\" alt=\"\" class=\"wp-image-9635\" style=\"width:650px\" srcset=\"https:\/\/cesimonbolivar.com.ve\/cesb\/wp-content\/uploads\/2026\/03\/Sin-titulo-5-Presentacion-Concurso-de-Ensayo-Panama.png 1080w, https:\/\/cesimonbolivar.com.ve\/cesb\/wp-content\/uploads\/2026\/03\/Sin-titulo-5-Presentacion-Concurso-de-Ensayo-Panama-240x300.png 240w, https:\/\/cesimonbolivar.com.ve\/cesb\/wp-content\/uploads\/2026\/03\/Sin-titulo-5-Presentacion-Concurso-de-Ensayo-Panama-819x1024.png 819w, https:\/\/cesimonbolivar.com.ve\/cesb\/wp-content\/uploads\/2026\/03\/Sin-titulo-5-Presentacion-Concurso-de-Ensayo-Panama-768x960.png 768w, https:\/\/cesimonbolivar.com.ve\/cesb\/wp-content\/uploads\/2026\/03\/Sin-titulo-5-Presentacion-Concurso-de-Ensayo-Panama-600x750.png 600w\" sizes=\"(max-width: 1080px) 100vw, 1080px\" \/><\/figure>\n<\/div>\n\n<div class=\"wp-block-image\">\n<figure class=\"aligncenter size-full is-resized\"><img decoding=\"async\" width=\"1080\" height=\"1350\" src=\"https:\/\/cesimonbolivar.com.ve\/cesb\/wp-content\/uploads\/2026\/03\/Sin-titulo-6-Obejtivos-Concurso-de-Ensayo-Panama.png\" alt=\"\" class=\"wp-image-9636\" style=\"width:650px\" srcset=\"https:\/\/cesimonbolivar.com.ve\/cesb\/wp-content\/uploads\/2026\/03\/Sin-titulo-6-Obejtivos-Concurso-de-Ensayo-Panama.png 1080w, https:\/\/cesimonbolivar.com.ve\/cesb\/wp-content\/uploads\/2026\/03\/Sin-titulo-6-Obejtivos-Concurso-de-Ensayo-Panama-240x300.png 240w, https:\/\/cesimonbolivar.com.ve\/cesb\/wp-content\/uploads\/2026\/03\/Sin-titulo-6-Obejtivos-Concurso-de-Ensayo-Panama-819x1024.png 819w, https:\/\/cesimonbolivar.com.ve\/cesb\/wp-content\/uploads\/2026\/03\/Sin-titulo-6-Obejtivos-Concurso-de-Ensayo-Panama-768x960.png 768w, https:\/\/cesimonbolivar.com.ve\/cesb\/wp-content\/uploads\/2026\/03\/Sin-titulo-6-Obejtivos-Concurso-de-Ensayo-Panama-600x750.png 600w\" sizes=\"(max-width: 1080px) 100vw, 1080px\" \/><\/figure>\n<\/div>\n\n<div class=\"wp-block-image\">\n<figure class=\"aligncenter size-full is-resized\"><img loading=\"lazy\" decoding=\"async\" width=\"1080\" height=\"1350\" src=\"https:\/\/cesimonbolivar.com.ve\/cesb\/wp-content\/uploads\/2026\/03\/Sin-titulo-7-Bases-1-5-Concurso-de-Ensayo-Panama.png\" alt=\"\" class=\"wp-image-9637\" style=\"width:650px\" srcset=\"https:\/\/cesimonbolivar.com.ve\/cesb\/wp-content\/uploads\/2026\/03\/Sin-titulo-7-Bases-1-5-Concurso-de-Ensayo-Panama.png 1080w, https:\/\/cesimonbolivar.com.ve\/cesb\/wp-content\/uploads\/2026\/03\/Sin-titulo-7-Bases-1-5-Concurso-de-Ensayo-Panama-240x300.png 240w, https:\/\/cesimonbolivar.com.ve\/cesb\/wp-content\/uploads\/2026\/03\/Sin-titulo-7-Bases-1-5-Concurso-de-Ensayo-Panama-819x1024.png 819w, https:\/\/cesimonbolivar.com.ve\/cesb\/wp-content\/uploads\/2026\/03\/Sin-titulo-7-Bases-1-5-Concurso-de-Ensayo-Panama-768x960.png 768w, https:\/\/cesimonbolivar.com.ve\/cesb\/wp-content\/uploads\/2026\/03\/Sin-titulo-7-Bases-1-5-Concurso-de-Ensayo-Panama-600x750.png 600w\" sizes=\"(max-width: 1080px) 100vw, 1080px\" \/><\/figure>\n<\/div>\n\n<div class=\"wp-block-image\">\n<figure class=\"aligncenter size-full is-resized\"><img loading=\"lazy\" decoding=\"async\" width=\"1080\" height=\"1350\" src=\"https:\/\/cesimonbolivar.com.ve\/cesb\/wp-content\/uploads\/2026\/03\/Sin-titulo-8-Bases-6-10-Concurso-de-Ensayo-Panama.png\" alt=\"\" class=\"wp-image-9638\" style=\"width:650px\" srcset=\"https:\/\/cesimonbolivar.com.ve\/cesb\/wp-content\/uploads\/2026\/03\/Sin-titulo-8-Bases-6-10-Concurso-de-Ensayo-Panama.png 1080w, https:\/\/cesimonbolivar.com.ve\/cesb\/wp-content\/uploads\/2026\/03\/Sin-titulo-8-Bases-6-10-Concurso-de-Ensayo-Panama-240x300.png 240w, https:\/\/cesimonbolivar.com.ve\/cesb\/wp-content\/uploads\/2026\/03\/Sin-titulo-8-Bases-6-10-Concurso-de-Ensayo-Panama-819x1024.png 819w, https:\/\/cesimonbolivar.com.ve\/cesb\/wp-content\/uploads\/2026\/03\/Sin-titulo-8-Bases-6-10-Concurso-de-Ensayo-Panama-768x960.png 768w, https:\/\/cesimonbolivar.com.ve\/cesb\/wp-content\/uploads\/2026\/03\/Sin-titulo-8-Bases-6-10-Concurso-de-Ensayo-Panama-600x750.png 600w\" sizes=\"(max-width: 1080px) 100vw, 1080px\" \/><\/figure>\n<\/div>\n\n<div class=\"wp-block-image\">\n<figure class=\"aligncenter size-full is-resized\"><img loading=\"lazy\" decoding=\"async\" width=\"1080\" height=\"1350\" src=\"https:\/\/cesimonbolivar.com.ve\/cesb\/wp-content\/uploads\/2026\/03\/Sin-titulo-9-Cierre-Concurso-de-Ensayo-Panama.png\" alt=\"\" class=\"wp-image-9639\" style=\"width:650px\" srcset=\"https:\/\/cesimonbolivar.com.ve\/cesb\/wp-content\/uploads\/2026\/03\/Sin-titulo-9-Cierre-Concurso-de-Ensayo-Panama.png 1080w, https:\/\/cesimonbolivar.com.ve\/cesb\/wp-content\/uploads\/2026\/03\/Sin-titulo-9-Cierre-Concurso-de-Ensayo-Panama-240x300.png 240w, https:\/\/cesimonbolivar.com.ve\/cesb\/wp-content\/uploads\/2026\/03\/Sin-titulo-9-Cierre-Concurso-de-Ensayo-Panama-819x1024.png 819w, https:\/\/cesimonbolivar.com.ve\/cesb\/wp-content\/uploads\/2026\/03\/Sin-titulo-9-Cierre-Concurso-de-Ensayo-Panama-768x960.png 768w, https:\/\/cesimonbolivar.com.ve\/cesb\/wp-content\/uploads\/2026\/03\/Sin-titulo-9-Cierre-Concurso-de-Ensayo-Panama-600x750.png 600w\" sizes=\"(max-width: 1080px) 100vw, 1080px\" \/><\/figure>\n<\/div>\n\n\n<p><\/p>\n","protected":false},"excerpt":{"rendered":"","protected":false},"author":5,"featured_media":9634,"parent":0,"menu_order":0,"comment_status":"closed","ping_status":"closed","template":"","meta":{"footnotes":""},"class_list":["post-9633","page","type-page","status-publish","has-post-thumbnail","hentry"],"_links":{"self":[{"href":"https:\/\/cesimonbolivar.com.ve\/cesb\/wp-json\/wp\/v2\/pages\/9633","targetHints":{"allow":["GET"]}}],"collection":[{"href":"https:\/\/cesimonbolivar.com.ve\/cesb\/wp-json\/wp\/v2\/pages"}],"about":[{"href":"https:\/\/cesimonbolivar.com.ve\/cesb\/wp-json\/wp\/v2\/types\/page"}],"author":[{"embeddable":true,"href":"https:\/\/cesimonbolivar.com.ve\/cesb\/wp-json\/wp\/v2\/users\/5"}],"replies":[{"embeddable":true,"href":"https:\/\/cesimonbolivar.com.ve\/cesb\/wp-json\/wp\/v2\/comments?post=9633"}],"version-history":[{"count":3,"href":"https:\/\/cesimonbolivar.com.ve\/cesb\/wp-json\/wp\/v2\/pages\/9633\/revisions"}],"predecessor-version":[{"id":9654,"href":"https:\/\/cesimonbolivar.com.ve\/cesb\/wp-json\/wp\/v2\/pages\/9633\/revisions\/9654"}],"wp:featuredmedia":[{"embeddable":true,"href":"https:\/\/cesimonbolivar.com.ve\/cesb\/wp-json\/wp\/v2\/media\/9634"}],"wp:attachment":[{"href":"https:\/\/cesimonbolivar.com.ve\/cesb\/wp-json\/wp\/v2\/media?parent=9633"}],"curies":[{"name":"wp","href":"https:\/\/api.w.org\/{rel}","templated":true}]}}