{"id":9656,"date":"2026-03-25T11:51:11","date_gmt":"2026-03-25T15:51:11","guid":{"rendered":"https:\/\/cesimonbolivar.com.ve\/cesb\/?page_id=9656"},"modified":"2026-03-25T20:07:37","modified_gmt":"2026-03-26T00:07:37","slug":"convocatoria-coloquio-patria-es-america","status":"publish","type":"page","link":"https:\/\/cesimonbolivar.com.ve\/cesb\/convocatoria-coloquio-patria-es-america\/","title":{"rendered":"Convocatoria | Coloquio Internacional &#8220;Patria es Am\u00e9rica&#8221; Bicentenario del Congreso Anficti\u00f3nico de Panam\u00e1"},"content":{"rendered":"<div class=\"wp-block-image\">\n<figure class=\"aligncenter size-full is-resized\"><img fetchpriority=\"high\" decoding=\"async\" width=\"1080\" height=\"1350\" src=\"https:\/\/cesimonbolivar.com.ve\/cesb\/wp-content\/uploads\/2026\/03\/CONVOCATORIA-FINAL-Coloquio-Patria-es-America-Bicentenario-del-Congreso-de-Panama.png\" alt=\"\" class=\"wp-image-9657\" style=\"width:650px\" srcset=\"https:\/\/cesimonbolivar.com.ve\/cesb\/wp-content\/uploads\/2026\/03\/CONVOCATORIA-FINAL-Coloquio-Patria-es-America-Bicentenario-del-Congreso-de-Panama.png 1080w, https:\/\/cesimonbolivar.com.ve\/cesb\/wp-content\/uploads\/2026\/03\/CONVOCATORIA-FINAL-Coloquio-Patria-es-America-Bicentenario-del-Congreso-de-Panama-240x300.png 240w, https:\/\/cesimonbolivar.com.ve\/cesb\/wp-content\/uploads\/2026\/03\/CONVOCATORIA-FINAL-Coloquio-Patria-es-America-Bicentenario-del-Congreso-de-Panama-819x1024.png 819w, https:\/\/cesimonbolivar.com.ve\/cesb\/wp-content\/uploads\/2026\/03\/CONVOCATORIA-FINAL-Coloquio-Patria-es-America-Bicentenario-del-Congreso-de-Panama-768x960.png 768w, https:\/\/cesimonbolivar.com.ve\/cesb\/wp-content\/uploads\/2026\/03\/CONVOCATORIA-FINAL-Coloquio-Patria-es-America-Bicentenario-del-Congreso-de-Panama-600x750.png 600w\" sizes=\"(max-width: 1080px) 100vw, 1080px\" \/><\/figure>\n<\/div>\n\n\n<p><\/p>\n\n\n<div class=\"wp-block-image\">\n<figure class=\"aligncenter size-full is-resized\"><img decoding=\"async\" width=\"1080\" height=\"1350\" src=\"https:\/\/cesimonbolivar.com.ve\/cesb\/wp-content\/uploads\/2026\/03\/CONVOCATORIA-FINAL-Coloquio-Patria-es-America-Bicentenario-del-Congreso-de-Panama-1.png\" alt=\"\" class=\"wp-image-9658\" style=\"width:650px\" srcset=\"https:\/\/cesimonbolivar.com.ve\/cesb\/wp-content\/uploads\/2026\/03\/CONVOCATORIA-FINAL-Coloquio-Patria-es-America-Bicentenario-del-Congreso-de-Panama-1.png 1080w, https:\/\/cesimonbolivar.com.ve\/cesb\/wp-content\/uploads\/2026\/03\/CONVOCATORIA-FINAL-Coloquio-Patria-es-America-Bicentenario-del-Congreso-de-Panama-1-240x300.png 240w, https:\/\/cesimonbolivar.com.ve\/cesb\/wp-content\/uploads\/2026\/03\/CONVOCATORIA-FINAL-Coloquio-Patria-es-America-Bicentenario-del-Congreso-de-Panama-1-819x1024.png 819w, https:\/\/cesimonbolivar.com.ve\/cesb\/wp-content\/uploads\/2026\/03\/CONVOCATORIA-FINAL-Coloquio-Patria-es-America-Bicentenario-del-Congreso-de-Panama-1-768x960.png 768w, https:\/\/cesimonbolivar.com.ve\/cesb\/wp-content\/uploads\/2026\/03\/CONVOCATORIA-FINAL-Coloquio-Patria-es-America-Bicentenario-del-Congreso-de-Panama-1-600x750.png 600w\" sizes=\"(max-width: 1080px) 100vw, 1080px\" \/><\/figure>\n<\/div>\n\n\n<p><\/p>\n\n\n<div class=\"wp-block-image\">\n<figure class=\"aligncenter size-full is-resized\"><img decoding=\"async\" width=\"1080\" height=\"1350\" src=\"https:\/\/cesimonbolivar.com.ve\/cesb\/wp-content\/uploads\/2026\/03\/CONVOCATORIA-FINAL-Coloquio-Patria-es-America-Bicentenario-del-Congreso-de-Panama-2-1.png\" alt=\"\" class=\"wp-image-9678\" style=\"width:650px\" srcset=\"https:\/\/cesimonbolivar.com.ve\/cesb\/wp-content\/uploads\/2026\/03\/CONVOCATORIA-FINAL-Coloquio-Patria-es-America-Bicentenario-del-Congreso-de-Panama-2-1.png 1080w, https:\/\/cesimonbolivar.com.ve\/cesb\/wp-content\/uploads\/2026\/03\/CONVOCATORIA-FINAL-Coloquio-Patria-es-America-Bicentenario-del-Congreso-de-Panama-2-1-240x300.png 240w, https:\/\/cesimonbolivar.com.ve\/cesb\/wp-content\/uploads\/2026\/03\/CONVOCATORIA-FINAL-Coloquio-Patria-es-America-Bicentenario-del-Congreso-de-Panama-2-1-819x1024.png 819w, https:\/\/cesimonbolivar.com.ve\/cesb\/wp-content\/uploads\/2026\/03\/CONVOCATORIA-FINAL-Coloquio-Patria-es-America-Bicentenario-del-Congreso-de-Panama-2-1-768x960.png 768w, https:\/\/cesimonbolivar.com.ve\/cesb\/wp-content\/uploads\/2026\/03\/CONVOCATORIA-FINAL-Coloquio-Patria-es-America-Bicentenario-del-Congreso-de-Panama-2-1-600x750.png 600w\" sizes=\"(max-width: 1080px) 100vw, 1080px\" \/><\/figure>\n<\/div>\n\n\n<p><\/p>\n\n\n<div class=\"wp-block-image\">\n<figure class=\"aligncenter size-full is-resized\"><img loading=\"lazy\" decoding=\"async\" width=\"1080\" height=\"1350\" src=\"https:\/\/cesimonbolivar.com.ve\/cesb\/wp-content\/uploads\/2026\/03\/CONVOCATORIA-FINAL-Coloquio-Patria-es-America-Bicentenario-del-Congreso-de-Panama-3.png\" alt=\"\" class=\"wp-image-9660\" style=\"width:650px\" srcset=\"https:\/\/cesimonbolivar.com.ve\/cesb\/wp-content\/uploads\/2026\/03\/CONVOCATORIA-FINAL-Coloquio-Patria-es-America-Bicentenario-del-Congreso-de-Panama-3.png 1080w, https:\/\/cesimonbolivar.com.ve\/cesb\/wp-content\/uploads\/2026\/03\/CONVOCATORIA-FINAL-Coloquio-Patria-es-America-Bicentenario-del-Congreso-de-Panama-3-240x300.png 240w, https:\/\/cesimonbolivar.com.ve\/cesb\/wp-content\/uploads\/2026\/03\/CONVOCATORIA-FINAL-Coloquio-Patria-es-America-Bicentenario-del-Congreso-de-Panama-3-819x1024.png 819w, https:\/\/cesimonbolivar.com.ve\/cesb\/wp-content\/uploads\/2026\/03\/CONVOCATORIA-FINAL-Coloquio-Patria-es-America-Bicentenario-del-Congreso-de-Panama-3-768x960.png 768w, https:\/\/cesimonbolivar.com.ve\/cesb\/wp-content\/uploads\/2026\/03\/CONVOCATORIA-FINAL-Coloquio-Patria-es-America-Bicentenario-del-Congreso-de-Panama-3-600x750.png 600w\" sizes=\"(max-width: 1080px) 100vw, 1080px\" \/><\/figure>\n<\/div>\n\n\n<p><\/p>\n\n\n<div class=\"wp-block-image\">\n<figure class=\"aligncenter size-full is-resized\"><img loading=\"lazy\" decoding=\"async\" width=\"1080\" height=\"1350\" src=\"https:\/\/cesimonbolivar.com.ve\/cesb\/wp-content\/uploads\/2026\/03\/CONVOCATORIA-FINAL-Coloquio-Patria-es-America-Bicentenario-del-Congreso-de-Panama-4.png\" alt=\"\" class=\"wp-image-9661\" style=\"width:650px\" srcset=\"https:\/\/cesimonbolivar.com.ve\/cesb\/wp-content\/uploads\/2026\/03\/CONVOCATORIA-FINAL-Coloquio-Patria-es-America-Bicentenario-del-Congreso-de-Panama-4.png 1080w, https:\/\/cesimonbolivar.com.ve\/cesb\/wp-content\/uploads\/2026\/03\/CONVOCATORIA-FINAL-Coloquio-Patria-es-America-Bicentenario-del-Congreso-de-Panama-4-240x300.png 240w, https:\/\/cesimonbolivar.com.ve\/cesb\/wp-content\/uploads\/2026\/03\/CONVOCATORIA-FINAL-Coloquio-Patria-es-America-Bicentenario-del-Congreso-de-Panama-4-819x1024.png 819w, https:\/\/cesimonbolivar.com.ve\/cesb\/wp-content\/uploads\/2026\/03\/CONVOCATORIA-FINAL-Coloquio-Patria-es-America-Bicentenario-del-Congreso-de-Panama-4-768x960.png 768w, https:\/\/cesimonbolivar.com.ve\/cesb\/wp-content\/uploads\/2026\/03\/CONVOCATORIA-FINAL-Coloquio-Patria-es-America-Bicentenario-del-Congreso-de-Panama-4-600x750.png 600w\" sizes=\"(max-width: 1080px) 100vw, 1080px\" \/><\/figure>\n<\/div>\n\n\n<p><\/p>\n\n\n<div class=\"wp-block-image\">\n<figure class=\"aligncenter size-full is-resized\"><img loading=\"lazy\" decoding=\"async\" width=\"1080\" height=\"1350\" src=\"https:\/\/cesimonbolivar.com.ve\/cesb\/wp-content\/uploads\/2026\/03\/CONVOCATORIA-FINAL-Coloquio-Patria-es-America-Bicentenario-del-Congreso-de-Panama-5.png\" alt=\"\" class=\"wp-image-9662\" style=\"width:650px\" srcset=\"https:\/\/cesimonbolivar.com.ve\/cesb\/wp-content\/uploads\/2026\/03\/CONVOCATORIA-FINAL-Coloquio-Patria-es-America-Bicentenario-del-Congreso-de-Panama-5.png 1080w, https:\/\/cesimonbolivar.com.ve\/cesb\/wp-content\/uploads\/2026\/03\/CONVOCATORIA-FINAL-Coloquio-Patria-es-America-Bicentenario-del-Congreso-de-Panama-5-240x300.png 240w, https:\/\/cesimonbolivar.com.ve\/cesb\/wp-content\/uploads\/2026\/03\/CONVOCATORIA-FINAL-Coloquio-Patria-es-America-Bicentenario-del-Congreso-de-Panama-5-819x1024.png 819w, https:\/\/cesimonbolivar.com.ve\/cesb\/wp-content\/uploads\/2026\/03\/CONVOCATORIA-FINAL-Coloquio-Patria-es-America-Bicentenario-del-Congreso-de-Panama-5-768x960.png 768w, https:\/\/cesimonbolivar.com.ve\/cesb\/wp-content\/uploads\/2026\/03\/CONVOCATORIA-FINAL-Coloquio-Patria-es-America-Bicentenario-del-Congreso-de-Panama-5-600x750.png 600w\" sizes=\"(max-width: 1080px) 100vw, 1080px\" \/><\/figure>\n<\/div>\n\n\n<p><\/p>\n\n\n<div class=\"wp-block-image\">\n<figure class=\"aligncenter size-full is-resized\"><img loading=\"lazy\" decoding=\"async\" width=\"1080\" height=\"1350\" src=\"https:\/\/cesimonbolivar.com.ve\/cesb\/wp-content\/uploads\/2026\/03\/CONVOCATORIA-FINAL-Coloquio-Patria-es-America-Bicentenario-del-Congreso-de-Panama-6.png\" alt=\"\" class=\"wp-image-9663\" style=\"width:650px\" srcset=\"https:\/\/cesimonbolivar.com.ve\/cesb\/wp-content\/uploads\/2026\/03\/CONVOCATORIA-FINAL-Coloquio-Patria-es-America-Bicentenario-del-Congreso-de-Panama-6.png 1080w, https:\/\/cesimonbolivar.com.ve\/cesb\/wp-content\/uploads\/2026\/03\/CONVOCATORIA-FINAL-Coloquio-Patria-es-America-Bicentenario-del-Congreso-de-Panama-6-240x300.png 240w, https:\/\/cesimonbolivar.com.ve\/cesb\/wp-content\/uploads\/2026\/03\/CONVOCATORIA-FINAL-Coloquio-Patria-es-America-Bicentenario-del-Congreso-de-Panama-6-819x1024.png 819w, https:\/\/cesimonbolivar.com.ve\/cesb\/wp-content\/uploads\/2026\/03\/CONVOCATORIA-FINAL-Coloquio-Patria-es-America-Bicentenario-del-Congreso-de-Panama-6-768x960.png 768w, https:\/\/cesimonbolivar.com.ve\/cesb\/wp-content\/uploads\/2026\/03\/CONVOCATORIA-FINAL-Coloquio-Patria-es-America-Bicentenario-del-Congreso-de-Panama-6-600x750.png 600w\" sizes=\"(max-width: 1080px) 100vw, 1080px\" \/><\/figure>\n<\/div>\n\n\n<p><\/p>\n\n\n<div class=\"wp-block-image\">\n<figure class=\"aligncenter size-full is-resized\"><img loading=\"lazy\" decoding=\"async\" width=\"1080\" height=\"1350\" src=\"https:\/\/cesimonbolivar.com.ve\/cesb\/wp-content\/uploads\/2026\/03\/CONVOCATORIA-FINAL-Coloquio-Patria-es-America-Bicentenario-del-Congreso-de-Panama-7.png\" alt=\"\" class=\"wp-image-9664\" style=\"width:650px\" srcset=\"https:\/\/cesimonbolivar.com.ve\/cesb\/wp-content\/uploads\/2026\/03\/CONVOCATORIA-FINAL-Coloquio-Patria-es-America-Bicentenario-del-Congreso-de-Panama-7.png 1080w, https:\/\/cesimonbolivar.com.ve\/cesb\/wp-content\/uploads\/2026\/03\/CONVOCATORIA-FINAL-Coloquio-Patria-es-America-Bicentenario-del-Congreso-de-Panama-7-240x300.png 240w, https:\/\/cesimonbolivar.com.ve\/cesb\/wp-content\/uploads\/2026\/03\/CONVOCATORIA-FINAL-Coloquio-Patria-es-America-Bicentenario-del-Congreso-de-Panama-7-819x1024.png 819w, https:\/\/cesimonbolivar.com.ve\/cesb\/wp-content\/uploads\/2026\/03\/CONVOCATORIA-FINAL-Coloquio-Patria-es-America-Bicentenario-del-Congreso-de-Panama-7-768x960.png 768w, https:\/\/cesimonbolivar.com.ve\/cesb\/wp-content\/uploads\/2026\/03\/CONVOCATORIA-FINAL-Coloquio-Patria-es-America-Bicentenario-del-Congreso-de-Panama-7-600x750.png 600w\" sizes=\"(max-width: 1080px) 100vw, 1080px\" \/><\/figure>\n<\/div>\n\n\n<p><\/p>\n\n\n\n<h2 class=\"wp-block-heading has-text-align-center\" style=\"font-size:28px\"><a href=\"https:\/\/docs.google.com\/forms\/d\/e\/1FAIpQLSffwm8AxY0knzLij8QT_5XQWNza-x9dvs0dEezh4Snd-XxhBA\/viewform\"><mark style=\"background-color:rgba(0, 0, 0, 0)\" class=\"has-inline-color has-black-color\">\u261e Planilla de Resgistro para Postulaci\u00f3n de Simposios \u261c<\/mark><\/a><mark style=\"background-color:rgba(0, 0, 0, 0)\" class=\"has-inline-color has-black-color\"><br><\/mark><a href=\"https:\/\/forms.gle\/vrtSxkWr5TcZSoee6\"><mark style=\"background-color:rgba(0, 0, 0, 0)\" class=\"has-inline-color has-vivid-cyan-blue-color\">https:\/\/forms.gle\/vrtSxkWr5TcZSoee6<\/mark><\/a><\/h2>\n\n\n\n<p><\/p>\n","protected":false},"excerpt":{"rendered":"<p>\u261e Planilla de Resgistro para Postulaci\u00f3n de Simposios \u261chttps:\/\/forms.gle\/vrtSxkWr5TcZSoee6<\/p>\n","protected":false},"author":5,"featured_media":0,"parent":0,"menu_order":0,"comment_status":"closed","ping_status":"closed","template":"","meta":{"footnotes":""},"class_list":["post-9656","page","type-page","status-publish","hentry"],"_links":{"self":[{"href":"https:\/\/cesimonbolivar.com.ve\/cesb\/wp-json\/wp\/v2\/pages\/9656","targetHints":{"allow":["GET"]}}],"collection":[{"href":"https:\/\/cesimonbolivar.com.ve\/cesb\/wp-json\/wp\/v2\/pages"}],"about":[{"href":"https:\/\/cesimonbolivar.com.ve\/cesb\/wp-json\/wp\/v2\/types\/page"}],"author":[{"embeddable":true,"href":"https:\/\/cesimonbolivar.com.ve\/cesb\/wp-json\/wp\/v2\/users\/5"}],"replies":[{"embeddable":true,"href":"https:\/\/cesimonbolivar.com.ve\/cesb\/wp-json\/wp\/v2\/comments?post=9656"}],"version-history":[{"count":7,"href":"https:\/\/cesimonbolivar.com.ve\/cesb\/wp-json\/wp\/v2\/pages\/9656\/revisions"}],"predecessor-version":[{"id":9679,"href":"https:\/\/cesimonbolivar.com.ve\/cesb\/wp-json\/wp\/v2\/pages\/9656\/revisions\/9679"}],"wp:attachment":[{"href":"https:\/\/cesimonbolivar.com.ve\/cesb\/wp-json\/wp\/v2\/media?parent=9656"}],"curies":[{"name":"wp","href":"https:\/\/api.w.org\/{rel}","templated":true}]}}