{"id":9829,"date":"2026-04-30T09:13:29","date_gmt":"2026-04-30T13:13:29","guid":{"rendered":"https:\/\/cesimonbolivar.com.ve\/cesb\/?page_id=9829"},"modified":"2026-04-30T09:13:30","modified_gmt":"2026-04-30T13:13:30","slug":"postulacion-de-ponencias-por-simposios-coloquio-internacional-patria-es-america","status":"publish","type":"page","link":"https:\/\/cesimonbolivar.com.ve\/cesb\/postulacion-de-ponencias-por-simposios-coloquio-internacional-patria-es-america\/","title":{"rendered":"Fase II. Postulaci\u00f3n de Ponencias por Simposios  | Coloquio Internacional &#8220;Patria es Am\u00e9rica&#8221; Bicentenario del Congreso Anficti\u00f3nico de Panam\u00e1"},"content":{"rendered":"<div class=\"wp-block-image\">\n<figure class=\"aligncenter size-full is-resized\"><img fetchpriority=\"high\" decoding=\"async\" width=\"1080\" height=\"1350\" src=\"https:\/\/cesimonbolivar.com.ve\/cesb\/wp-content\/uploads\/2026\/04\/1.png\" alt=\"\" class=\"wp-image-9846\" style=\"width:650px\" srcset=\"https:\/\/cesimonbolivar.com.ve\/cesb\/wp-content\/uploads\/2026\/04\/1.png 1080w, https:\/\/cesimonbolivar.com.ve\/cesb\/wp-content\/uploads\/2026\/04\/1-240x300.png 240w, https:\/\/cesimonbolivar.com.ve\/cesb\/wp-content\/uploads\/2026\/04\/1-819x1024.png 819w, https:\/\/cesimonbolivar.com.ve\/cesb\/wp-content\/uploads\/2026\/04\/1-768x960.png 768w, https:\/\/cesimonbolivar.com.ve\/cesb\/wp-content\/uploads\/2026\/04\/1-600x750.png 600w\" sizes=\"(max-width: 1080px) 100vw, 1080px\" \/><\/figure>\n<\/div>\n\n\n<p><\/p>\n\n\n<div class=\"wp-block-image\">\n<figure class=\"aligncenter size-full is-resized\"><img decoding=\"async\" width=\"1080\" height=\"1350\" src=\"https:\/\/cesimonbolivar.com.ve\/cesb\/wp-content\/uploads\/2026\/04\/2.png\" alt=\"\" class=\"wp-image-9845\" style=\"width:650px\" srcset=\"https:\/\/cesimonbolivar.com.ve\/cesb\/wp-content\/uploads\/2026\/04\/2.png 1080w, https:\/\/cesimonbolivar.com.ve\/cesb\/wp-content\/uploads\/2026\/04\/2-240x300.png 240w, https:\/\/cesimonbolivar.com.ve\/cesb\/wp-content\/uploads\/2026\/04\/2-819x1024.png 819w, https:\/\/cesimonbolivar.com.ve\/cesb\/wp-content\/uploads\/2026\/04\/2-768x960.png 768w, https:\/\/cesimonbolivar.com.ve\/cesb\/wp-content\/uploads\/2026\/04\/2-600x750.png 600w\" sizes=\"(max-width: 1080px) 100vw, 1080px\" \/><\/figure>\n<\/div>\n\n\n<p><\/p>\n\n\n<div class=\"wp-block-image\">\n<figure class=\"aligncenter size-full is-resized\"><img decoding=\"async\" width=\"1080\" height=\"1350\" src=\"https:\/\/cesimonbolivar.com.ve\/cesb\/wp-content\/uploads\/2026\/04\/3.png\" alt=\"\" class=\"wp-image-9844\" style=\"width:650px\" srcset=\"https:\/\/cesimonbolivar.com.ve\/cesb\/wp-content\/uploads\/2026\/04\/3.png 1080w, https:\/\/cesimonbolivar.com.ve\/cesb\/wp-content\/uploads\/2026\/04\/3-240x300.png 240w, https:\/\/cesimonbolivar.com.ve\/cesb\/wp-content\/uploads\/2026\/04\/3-819x1024.png 819w, https:\/\/cesimonbolivar.com.ve\/cesb\/wp-content\/uploads\/2026\/04\/3-768x960.png 768w, https:\/\/cesimonbolivar.com.ve\/cesb\/wp-content\/uploads\/2026\/04\/3-600x750.png 600w\" sizes=\"(max-width: 1080px) 100vw, 1080px\" \/><\/figure>\n<\/div>\n\n\n<p><\/p>\n\n\n<div class=\"wp-block-image\">\n<figure class=\"aligncenter size-full is-resized\"><img loading=\"lazy\" decoding=\"async\" width=\"1080\" height=\"1350\" src=\"https:\/\/cesimonbolivar.com.ve\/cesb\/wp-content\/uploads\/2026\/04\/4.png\" alt=\"\" class=\"wp-image-9843\" style=\"width:650px\" srcset=\"https:\/\/cesimonbolivar.com.ve\/cesb\/wp-content\/uploads\/2026\/04\/4.png 1080w, https:\/\/cesimonbolivar.com.ve\/cesb\/wp-content\/uploads\/2026\/04\/4-240x300.png 240w, https:\/\/cesimonbolivar.com.ve\/cesb\/wp-content\/uploads\/2026\/04\/4-819x1024.png 819w, https:\/\/cesimonbolivar.com.ve\/cesb\/wp-content\/uploads\/2026\/04\/4-768x960.png 768w, https:\/\/cesimonbolivar.com.ve\/cesb\/wp-content\/uploads\/2026\/04\/4-600x750.png 600w\" sizes=\"(max-width: 1080px) 100vw, 1080px\" \/><\/figure>\n<\/div>\n\n\n<p><\/p>\n\n\n<div class=\"wp-block-image\">\n<figure class=\"aligncenter size-full is-resized\"><img loading=\"lazy\" decoding=\"async\" width=\"1080\" height=\"1350\" src=\"https:\/\/cesimonbolivar.com.ve\/cesb\/wp-content\/uploads\/2026\/04\/5.png\" alt=\"\" class=\"wp-image-9842\" style=\"width:650px\" srcset=\"https:\/\/cesimonbolivar.com.ve\/cesb\/wp-content\/uploads\/2026\/04\/5.png 1080w, https:\/\/cesimonbolivar.com.ve\/cesb\/wp-content\/uploads\/2026\/04\/5-240x300.png 240w, https:\/\/cesimonbolivar.com.ve\/cesb\/wp-content\/uploads\/2026\/04\/5-819x1024.png 819w, https:\/\/cesimonbolivar.com.ve\/cesb\/wp-content\/uploads\/2026\/04\/5-768x960.png 768w, https:\/\/cesimonbolivar.com.ve\/cesb\/wp-content\/uploads\/2026\/04\/5-600x750.png 600w\" sizes=\"(max-width: 1080px) 100vw, 1080px\" \/><\/figure>\n<\/div>\n\n\n<p><\/p>\n\n\n<div class=\"wp-block-image\">\n<figure class=\"aligncenter size-full is-resized\"><img loading=\"lazy\" decoding=\"async\" width=\"1080\" height=\"1350\" src=\"https:\/\/cesimonbolivar.com.ve\/cesb\/wp-content\/uploads\/2026\/04\/6.png\" alt=\"\" class=\"wp-image-9841\" style=\"width:650px\" srcset=\"https:\/\/cesimonbolivar.com.ve\/cesb\/wp-content\/uploads\/2026\/04\/6.png 1080w, https:\/\/cesimonbolivar.com.ve\/cesb\/wp-content\/uploads\/2026\/04\/6-240x300.png 240w, https:\/\/cesimonbolivar.com.ve\/cesb\/wp-content\/uploads\/2026\/04\/6-819x1024.png 819w, https:\/\/cesimonbolivar.com.ve\/cesb\/wp-content\/uploads\/2026\/04\/6-768x960.png 768w, https:\/\/cesimonbolivar.com.ve\/cesb\/wp-content\/uploads\/2026\/04\/6-600x750.png 600w\" sizes=\"(max-width: 1080px) 100vw, 1080px\" \/><\/figure>\n<\/div>\n\n\n<p><\/p>\n\n\n<div class=\"wp-block-image\">\n<figure class=\"aligncenter size-full is-resized\"><img loading=\"lazy\" decoding=\"async\" width=\"1080\" height=\"1350\" src=\"https:\/\/cesimonbolivar.com.ve\/cesb\/wp-content\/uploads\/2026\/04\/7.png\" alt=\"\" class=\"wp-image-9840\" style=\"width:650px\" srcset=\"https:\/\/cesimonbolivar.com.ve\/cesb\/wp-content\/uploads\/2026\/04\/7.png 1080w, https:\/\/cesimonbolivar.com.ve\/cesb\/wp-content\/uploads\/2026\/04\/7-240x300.png 240w, https:\/\/cesimonbolivar.com.ve\/cesb\/wp-content\/uploads\/2026\/04\/7-819x1024.png 819w, https:\/\/cesimonbolivar.com.ve\/cesb\/wp-content\/uploads\/2026\/04\/7-768x960.png 768w, https:\/\/cesimonbolivar.com.ve\/cesb\/wp-content\/uploads\/2026\/04\/7-600x750.png 600w\" sizes=\"(max-width: 1080px) 100vw, 1080px\" \/><\/figure>\n<\/div>\n\n\n<p><\/p>\n\n\n<div class=\"wp-block-image\">\n<figure class=\"aligncenter size-full is-resized\"><img loading=\"lazy\" decoding=\"async\" width=\"1080\" height=\"1350\" src=\"https:\/\/cesimonbolivar.com.ve\/cesb\/wp-content\/uploads\/2026\/04\/8.png\" alt=\"\" class=\"wp-image-9839\" style=\"width:650px\" srcset=\"https:\/\/cesimonbolivar.com.ve\/cesb\/wp-content\/uploads\/2026\/04\/8.png 1080w, https:\/\/cesimonbolivar.com.ve\/cesb\/wp-content\/uploads\/2026\/04\/8-240x300.png 240w, https:\/\/cesimonbolivar.com.ve\/cesb\/wp-content\/uploads\/2026\/04\/8-819x1024.png 819w, https:\/\/cesimonbolivar.com.ve\/cesb\/wp-content\/uploads\/2026\/04\/8-768x960.png 768w, https:\/\/cesimonbolivar.com.ve\/cesb\/wp-content\/uploads\/2026\/04\/8-600x750.png 600w\" sizes=\"(max-width: 1080px) 100vw, 1080px\" \/><\/figure>\n<\/div>\n\n\n<p><\/p>\n\n\n<div class=\"wp-block-image\">\n<figure class=\"aligncenter size-full is-resized\"><img loading=\"lazy\" decoding=\"async\" width=\"1080\" height=\"1350\" src=\"https:\/\/cesimonbolivar.com.ve\/cesb\/wp-content\/uploads\/2026\/04\/9.png\" alt=\"\" class=\"wp-image-9838\" style=\"width:650px\" srcset=\"https:\/\/cesimonbolivar.com.ve\/cesb\/wp-content\/uploads\/2026\/04\/9.png 1080w, https:\/\/cesimonbolivar.com.ve\/cesb\/wp-content\/uploads\/2026\/04\/9-240x300.png 240w, https:\/\/cesimonbolivar.com.ve\/cesb\/wp-content\/uploads\/2026\/04\/9-819x1024.png 819w, https:\/\/cesimonbolivar.com.ve\/cesb\/wp-content\/uploads\/2026\/04\/9-768x960.png 768w, https:\/\/cesimonbolivar.com.ve\/cesb\/wp-content\/uploads\/2026\/04\/9-600x750.png 600w\" sizes=\"(max-width: 1080px) 100vw, 1080px\" \/><\/figure>\n<\/div>\n\n\n<p><\/p>\n\n\n<div class=\"wp-block-image\">\n<figure class=\"aligncenter size-full is-resized\"><img loading=\"lazy\" decoding=\"async\" width=\"1080\" height=\"1350\" src=\"https:\/\/cesimonbolivar.com.ve\/cesb\/wp-content\/uploads\/2026\/04\/10.png\" alt=\"\" class=\"wp-image-9837\" style=\"width:650px\" srcset=\"https:\/\/cesimonbolivar.com.ve\/cesb\/wp-content\/uploads\/2026\/04\/10.png 1080w, https:\/\/cesimonbolivar.com.ve\/cesb\/wp-content\/uploads\/2026\/04\/10-240x300.png 240w, https:\/\/cesimonbolivar.com.ve\/cesb\/wp-content\/uploads\/2026\/04\/10-819x1024.png 819w, https:\/\/cesimonbolivar.com.ve\/cesb\/wp-content\/uploads\/2026\/04\/10-768x960.png 768w, https:\/\/cesimonbolivar.com.ve\/cesb\/wp-content\/uploads\/2026\/04\/10-600x750.png 600w\" sizes=\"(max-width: 1080px) 100vw, 1080px\" \/><\/figure>\n<\/div>\n\n\n<p><\/p>\n\n\n<div class=\"wp-block-image\">\n<figure class=\"aligncenter size-full is-resized\"><img loading=\"lazy\" decoding=\"async\" width=\"1080\" height=\"1350\" src=\"https:\/\/cesimonbolivar.com.ve\/cesb\/wp-content\/uploads\/2026\/04\/11.png\" alt=\"\" class=\"wp-image-9836\" style=\"width:650px\" srcset=\"https:\/\/cesimonbolivar.com.ve\/cesb\/wp-content\/uploads\/2026\/04\/11.png 1080w, https:\/\/cesimonbolivar.com.ve\/cesb\/wp-content\/uploads\/2026\/04\/11-240x300.png 240w, https:\/\/cesimonbolivar.com.ve\/cesb\/wp-content\/uploads\/2026\/04\/11-819x1024.png 819w, https:\/\/cesimonbolivar.com.ve\/cesb\/wp-content\/uploads\/2026\/04\/11-768x960.png 768w, https:\/\/cesimonbolivar.com.ve\/cesb\/wp-content\/uploads\/2026\/04\/11-600x750.png 600w\" sizes=\"(max-width: 1080px) 100vw, 1080px\" \/><\/figure>\n<\/div>\n\n\n<p><\/p>\n\n\n<div class=\"wp-block-image\">\n<figure class=\"aligncenter size-full is-resized\"><img loading=\"lazy\" decoding=\"async\" width=\"1080\" height=\"1350\" src=\"https:\/\/cesimonbolivar.com.ve\/cesb\/wp-content\/uploads\/2026\/04\/12.png\" alt=\"\" class=\"wp-image-9835\" style=\"width:650px\" srcset=\"https:\/\/cesimonbolivar.com.ve\/cesb\/wp-content\/uploads\/2026\/04\/12.png 1080w, https:\/\/cesimonbolivar.com.ve\/cesb\/wp-content\/uploads\/2026\/04\/12-240x300.png 240w, https:\/\/cesimonbolivar.com.ve\/cesb\/wp-content\/uploads\/2026\/04\/12-819x1024.png 819w, https:\/\/cesimonbolivar.com.ve\/cesb\/wp-content\/uploads\/2026\/04\/12-768x960.png 768w, https:\/\/cesimonbolivar.com.ve\/cesb\/wp-content\/uploads\/2026\/04\/12-600x750.png 600w\" sizes=\"(max-width: 1080px) 100vw, 1080px\" \/><\/figure>\n<\/div>\n\n\n<p><\/p>\n\n\n<div class=\"wp-block-image\">\n<figure class=\"aligncenter size-full is-resized\"><img loading=\"lazy\" decoding=\"async\" width=\"1080\" height=\"1350\" src=\"https:\/\/cesimonbolivar.com.ve\/cesb\/wp-content\/uploads\/2026\/04\/13.png\" alt=\"\" class=\"wp-image-9834\" style=\"width:650px\" srcset=\"https:\/\/cesimonbolivar.com.ve\/cesb\/wp-content\/uploads\/2026\/04\/13.png 1080w, https:\/\/cesimonbolivar.com.ve\/cesb\/wp-content\/uploads\/2026\/04\/13-240x300.png 240w, https:\/\/cesimonbolivar.com.ve\/cesb\/wp-content\/uploads\/2026\/04\/13-819x1024.png 819w, https:\/\/cesimonbolivar.com.ve\/cesb\/wp-content\/uploads\/2026\/04\/13-768x960.png 768w, https:\/\/cesimonbolivar.com.ve\/cesb\/wp-content\/uploads\/2026\/04\/13-600x750.png 600w\" sizes=\"(max-width: 1080px) 100vw, 1080px\" \/><\/figure>\n<\/div>\n\n\n<p><\/p>\n\n\n<div class=\"wp-block-image\">\n<figure class=\"aligncenter size-full is-resized\"><img loading=\"lazy\" decoding=\"async\" width=\"1080\" height=\"1350\" src=\"https:\/\/cesimonbolivar.com.ve\/cesb\/wp-content\/uploads\/2026\/04\/14.png\" alt=\"\" class=\"wp-image-9833\" style=\"width:650px\" srcset=\"https:\/\/cesimonbolivar.com.ve\/cesb\/wp-content\/uploads\/2026\/04\/14.png 1080w, https:\/\/cesimonbolivar.com.ve\/cesb\/wp-content\/uploads\/2026\/04\/14-240x300.png 240w, https:\/\/cesimonbolivar.com.ve\/cesb\/wp-content\/uploads\/2026\/04\/14-819x1024.png 819w, https:\/\/cesimonbolivar.com.ve\/cesb\/wp-content\/uploads\/2026\/04\/14-768x960.png 768w, https:\/\/cesimonbolivar.com.ve\/cesb\/wp-content\/uploads\/2026\/04\/14-600x750.png 600w\" sizes=\"(max-width: 1080px) 100vw, 1080px\" \/><\/figure>\n<\/div>\n\n\n<p><\/p>\n\n\n<div class=\"wp-block-image\">\n<figure class=\"aligncenter size-full is-resized\"><img loading=\"lazy\" decoding=\"async\" width=\"1080\" height=\"1350\" src=\"https:\/\/cesimonbolivar.com.ve\/cesb\/wp-content\/uploads\/2026\/04\/15.png\" alt=\"\" class=\"wp-image-9832\" style=\"width:650px\" srcset=\"https:\/\/cesimonbolivar.com.ve\/cesb\/wp-content\/uploads\/2026\/04\/15.png 1080w, https:\/\/cesimonbolivar.com.ve\/cesb\/wp-content\/uploads\/2026\/04\/15-240x300.png 240w, https:\/\/cesimonbolivar.com.ve\/cesb\/wp-content\/uploads\/2026\/04\/15-819x1024.png 819w, https:\/\/cesimonbolivar.com.ve\/cesb\/wp-content\/uploads\/2026\/04\/15-768x960.png 768w, https:\/\/cesimonbolivar.com.ve\/cesb\/wp-content\/uploads\/2026\/04\/15-600x750.png 600w\" sizes=\"(max-width: 1080px) 100vw, 1080px\" \/><\/figure>\n<\/div>\n\n\n<p><\/p>\n\n\n<div class=\"wp-block-image\">\n<figure class=\"aligncenter size-full is-resized\"><img loading=\"lazy\" decoding=\"async\" width=\"1080\" height=\"1350\" src=\"https:\/\/cesimonbolivar.com.ve\/cesb\/wp-content\/uploads\/2026\/04\/16.png\" alt=\"\" class=\"wp-image-9831\" style=\"width:650px\" srcset=\"https:\/\/cesimonbolivar.com.ve\/cesb\/wp-content\/uploads\/2026\/04\/16.png 1080w, https:\/\/cesimonbolivar.com.ve\/cesb\/wp-content\/uploads\/2026\/04\/16-240x300.png 240w, https:\/\/cesimonbolivar.com.ve\/cesb\/wp-content\/uploads\/2026\/04\/16-819x1024.png 819w, https:\/\/cesimonbolivar.com.ve\/cesb\/wp-content\/uploads\/2026\/04\/16-768x960.png 768w, https:\/\/cesimonbolivar.com.ve\/cesb\/wp-content\/uploads\/2026\/04\/16-600x750.png 600w\" sizes=\"(max-width: 1080px) 100vw, 1080px\" \/><\/figure>\n<\/div>\n\n\n<p><\/p>\n\n\n<div class=\"wp-block-image\">\n<figure class=\"aligncenter size-full is-resized\"><img loading=\"lazy\" decoding=\"async\" width=\"1080\" height=\"1350\" src=\"https:\/\/cesimonbolivar.com.ve\/cesb\/wp-content\/uploads\/2026\/04\/17.png\" alt=\"\" class=\"wp-image-9830\" style=\"width:650px\" srcset=\"https:\/\/cesimonbolivar.com.ve\/cesb\/wp-content\/uploads\/2026\/04\/17.png 1080w, https:\/\/cesimonbolivar.com.ve\/cesb\/wp-content\/uploads\/2026\/04\/17-240x300.png 240w, https:\/\/cesimonbolivar.com.ve\/cesb\/wp-content\/uploads\/2026\/04\/17-819x1024.png 819w, https:\/\/cesimonbolivar.com.ve\/cesb\/wp-content\/uploads\/2026\/04\/17-768x960.png 768w, https:\/\/cesimonbolivar.com.ve\/cesb\/wp-content\/uploads\/2026\/04\/17-600x750.png 600w\" sizes=\"(max-width: 1080px) 100vw, 1080px\" \/><\/figure>\n<\/div>","protected":false},"excerpt":{"rendered":"","protected":false},"author":5,"featured_media":0,"parent":0,"menu_order":0,"comment_status":"closed","ping_status":"closed","template":"","meta":{"footnotes":""},"class_list":["post-9829","page","type-page","status-publish","hentry"],"_links":{"self":[{"href":"https:\/\/cesimonbolivar.com.ve\/cesb\/wp-json\/wp\/v2\/pages\/9829","targetHints":{"allow":["GET"]}}],"collection":[{"href":"https:\/\/cesimonbolivar.com.ve\/cesb\/wp-json\/wp\/v2\/pages"}],"about":[{"href":"https:\/\/cesimonbolivar.com.ve\/cesb\/wp-json\/wp\/v2\/types\/page"}],"author":[{"embeddable":true,"href":"https:\/\/cesimonbolivar.com.ve\/cesb\/wp-json\/wp\/v2\/users\/5"}],"replies":[{"embeddable":true,"href":"https:\/\/cesimonbolivar.com.ve\/cesb\/wp-json\/wp\/v2\/comments?post=9829"}],"version-history":[{"count":1,"href":"https:\/\/cesimonbolivar.com.ve\/cesb\/wp-json\/wp\/v2\/pages\/9829\/revisions"}],"predecessor-version":[{"id":9848,"href":"https:\/\/cesimonbolivar.com.ve\/cesb\/wp-json\/wp\/v2\/pages\/9829\/revisions\/9848"}],"wp:attachment":[{"href":"https:\/\/cesimonbolivar.com.ve\/cesb\/wp-json\/wp\/v2\/media?parent=9829"}],"curies":[{"name":"wp","href":"https:\/\/api.w.org\/{rel}","templated":true}]}}